{"id":206,"date":"2021-03-18T12:19:03","date_gmt":"2021-03-18T11:19:03","guid":{"rendered":"https:\/\/www.methodestraditionnelleschinoises.fr\/?page_id=206"},"modified":"2022-11-16T17:50:58","modified_gmt":"2022-11-16T16:50:58","slug":"mentions-legales","status":"publish","type":"page","link":"https:\/\/www.methodestraditionnelleschinoises.fr\/?page_id=206","title":{"rendered":"Mentions l\u00e9gales"},"content":{"rendered":"<p>[et_pb_section fb_built=\u00a0\u00bb1&Prime; _builder_version=\u00a0\u00bb4.0.7&Prime;][et_pb_row _builder_version=\u00a0\u00bb4.0.7&Prime;][et_pb_column type=\u00a0\u00bb4_4&Prime; _builder_version=\u00a0\u00bb4.0.7&Prime;][et_pb_accordion _builder_version=\u00a0\u00bb4.0.7&Prime;][et_pb_accordion_item title=\u00a0\u00bbMentions l\u00e9gales\u00a0\u00bb _builder_version=\u00a0\u00bb4.0.7&Prime; open=\u00a0\u00bbon\u00a0\u00bb]<\/p>\n<p class=\"font_7\"><span><\/span><\/p>\n<p class=\"font_7\"><strong>Donn\u00e9es collect\u00e9s selon RGPD<\/strong><span class=\"wixGuard\">\u200b<\/span><\/p>\n<p class=\"font_8\">\u00c9tat civil : nom, pr\u00e9nom, date de naissance, adresse, t\u00e9l\u00e9phone.<br \/>Situation familiale : nombre de grossesses.<br \/>Situation professionnelle : condition de travail.<br \/>Donn\u00e9es m\u00e9dicales : historique des soins, nature des soins, et tous \u00e9l\u00e9ments consid\u00e9r\u00e9s pertinent par le professionnel de sant\u00e9.<\/p>\n<p class=\"font_8\">Informations g\u00e9n\u00e9rales sur les habitudes de vie au regard du motif de consultation.<\/p>\n<p class=\"font_8\"><strong>Objectifs du traitement des donn\u00e9es<\/strong>\u00a0<\/p>\n<p class=\"font_8\">Gestion des rendez-vous.<br \/>Gestion et tenue des dossiers individuels de soins.<br \/>Contacter le consultant.<br \/>Envoi de courriers aux professionnels de sant\u00e9.<br \/>\u00c9missions des factures.<br \/>D\u00e9terminer l\u2019impact de l\u2019environnement g\u00e9n\u00e9ral sur l\u2019\u00e9tat de sant\u00e9.<br \/>\u00c9tablir un bilan.\u00a0<\/p>\n<p class=\"font_8\">Pouvoir r\u00e9f\u00e9rer \u00e0 une personne comp\u00e9tente en cas de n\u00e9cessit\u00e9 ou non selon la plainte du consultant.<\/p>\n<p class=\"font_8\"><strong>Dur\u00e9e de conservation des donn\u00e9es<\/strong><\/p>\n<p class=\"font_8\">5 ans \u00e0 compter de la derni\u00e8re intervention sur le dossier du consultant, puis dix ans archiv\u00e9s sur un support distinct.<\/p>\n<p class=\"font_8\"><strong>Moyen de stockage et gestion de donn\u00e9es<\/strong><\/p>\n<p class=\"font_8\">Les donn\u00e9es et fiches de consultation sont stock\u00e9es sur le cloud Google et sur un ordinateur.<\/p>\n<p class=\"font_8\">Les fichiers import\u00e9s dans Google Drive sont stock\u00e9s dans des centres de donn\u00e9es s\u00e9curis\u00e9s par Google.<\/p>\n<p class=\"font_8\"><strong>S\u00e9curit\u00e9 des donn\u00e9es<\/strong><\/p>\n<p class=\"font_8\">L\u2019acc\u00e8s aux informations de l\u2019ordinateur portable du praticien n\u2019est possible uniquement par mot de passe.<\/p>\n<p class=\"font_8\">L\u2019ordinateur poss\u00e8de un part feu pour \u00e9viter toute intrusion ext\u00e9rieure via les connexions internet.<\/p>\n<p class=\"font_8\">Les locaux du cabinet sont ferm\u00e9s sous clefs.<\/p>\n<p class=\"font_8\"><strong>Autorisation et Acc\u00e8s<\/strong><\/p>\n<p class=\"font_8\">L\u2019acc\u00e8s \u00e0 l\u2019ordinateur n\u2019est possible que par le praticien \u00ab\u00a0Elise GUESDON\u00a0\u00bb<\/p>\n<p>&nbsp;<\/p>\n<p class=\"font_8\"><strong>Communications et destinataires des donn\u00e9es<\/strong>\u00a0<\/p>\n<p class=\"font_8\">Les communications par mail entre les consultants et le cabinet se font par l\u2019interm\u00e9diaire de l\u2019adresse mail<span>\u00a0<\/span><object height=\"0\"><a data-auto-recognition=\"true\" href=\"mailto:centre.acu.biarritz@gmail.com\">elise.methodechinoise@gmail.com<\/a><\/object><span>\u00a0<\/span>qui est s\u00e9curis\u00e9e par Google.<\/p>\n<p class=\"font_8\">Les communications pour la gestion des rendez-vous passent via les t\u00e9l\u00e9phones portables du praticien dont l\u2019acc\u00e8s est s\u00e9curis\u00e9 par des mots de passe sous sa responsabilit\u00e9, ainsi que par l\u2019interm\u00e9diaire de l\u2019agenda Google s\u00e9curis\u00e9 selon le protocole de la soci\u00e9t\u00e9 Google.\u00a0<\/p>\n<p class=\"font_8\">Des transmissions de donn\u00e9es peuvent avoir lieu par courrier envers d\u2019autres professionnels de sant\u00e9 par l\u2019interm\u00e9diaire du consultant.<\/p>\n<p class=\"font_8\">Le t\u00e9l\u00e9phone mobile du praticien n\u00e9cessite un code d\u2019acc\u00e8s ou une empreinte digitale pour acc\u00e9der aux donn\u00e9es. Les communications par mails subissent le m\u00eame protocole que l\u2019ordinateur ci-dessus.<\/p>\n<p>&nbsp;<\/p>\n<p>[\/et_pb_accordion_item][et_pb_accordion_item title=\u00a0\u00bbVotre titre va ici\u00a0\u00bb open=\u00a0\u00bboff\u00a0\u00bb _builder_version=\u00a0\u00bb4.0.7&Prime;]<\/p>\n<p>Your content goes here. Edit or remove this text inline or in the module Content settings. You can also style every aspect of this content in the module Design settings and even apply custom CSS to this text in the module Advanced settings.<\/p>\n<p>[\/et_pb_accordion_item][\/et_pb_accordion][\/et_pb_column][\/et_pb_row][\/et_pb_section]<\/p>\n","protected":false},"excerpt":{"rendered":"<p>Donn\u00e9es collect\u00e9s selon RGPD\u200b \u00c9tat civil : nom, pr\u00e9nom, date de naissance, adresse, t\u00e9l\u00e9phone.Situation familiale : nombre de grossesses.Situation professionnelle : condition de travail.Donn\u00e9es m\u00e9dicales : historique des soins, nature des soins, et tous \u00e9l\u00e9ments consid\u00e9r\u00e9s pertinent par le professionnel de sant\u00e9. Informations g\u00e9n\u00e9rales sur les habitudes de vie au regard du motif de consultation. [&hellip;]<\/p>\n","protected":false},"author":1,"featured_media":0,"parent":0,"menu_order":0,"comment_status":"closed","ping_status":"closed","template":"","meta":{"_et_pb_use_builder":"on","_et_pb_old_content":"","_et_gb_content_width":"","footnotes":""},"class_list":["post-206","page","type-page","status-publish","hentry"],"_links":{"self":[{"href":"https:\/\/www.methodestraditionnelleschinoises.fr\/index.php?rest_route=\/wp\/v2\/pages\/206","targetHints":{"allow":["GET"]}}],"collection":[{"href":"https:\/\/www.methodestraditionnelleschinoises.fr\/index.php?rest_route=\/wp\/v2\/pages"}],"about":[{"href":"https:\/\/www.methodestraditionnelleschinoises.fr\/index.php?rest_route=\/wp\/v2\/types\/page"}],"author":[{"embeddable":true,"href":"https:\/\/www.methodestraditionnelleschinoises.fr\/index.php?rest_route=\/wp\/v2\/users\/1"}],"replies":[{"embeddable":true,"href":"https:\/\/www.methodestraditionnelleschinoises.fr\/index.php?rest_route=%2Fwp%2Fv2%2Fcomments&post=206"}],"version-history":[{"count":3,"href":"https:\/\/www.methodestraditionnelleschinoises.fr\/index.php?rest_route=\/wp\/v2\/pages\/206\/revisions"}],"predecessor-version":[{"id":228,"href":"https:\/\/www.methodestraditionnelleschinoises.fr\/index.php?rest_route=\/wp\/v2\/pages\/206\/revisions\/228"}],"wp:attachment":[{"href":"https:\/\/www.methodestraditionnelleschinoises.fr\/index.php?rest_route=%2Fwp%2Fv2%2Fmedia&parent=206"}],"curies":[{"name":"wp","href":"https:\/\/api.w.org\/{rel}","templated":true}]}}